{"id":18387,"date":"2024-05-15T14:08:04","date_gmt":"2024-05-15T14:08:04","guid":{"rendered":"https:\/\/novavenda.com\/?page_id=18387"},"modified":"2025-02-19T08:12:43","modified_gmt":"2025-02-19T08:12:43","slug":"canal-etico","status":"publish","type":"page","link":"https:\/\/novavenda.com\/es\/canal-etico\/","title":{"rendered":"Canal \u00e9tico"},"content":{"rendered":"\n<p>NOVAVENDA proporciona un canal de comunicaci\u00f3n espec\u00edfico que sirve de instrumento para que todas aquellas personas que tengan conocimiento, en un contexto laboral o profesional, de la realizaci\u00f3n de cualquier infracci\u00f3n en NOVAVENDA, la puedan poner en conocimiento (incluso de forma an\u00f3nima) al Responsable del Sistema a trav\u00e9s de los siguientes canales de comunicaci\u00f3n del Canal \u00c9tico que el NOVAVENDA tiene habilitados al efecto:<\/p>\n\n\n\n<ul class=\"wp-block-list\">\n<li>Direcci\u00f3n de correo electr\u00f3nico: <a href=\"mailto:canaldenuncias@comerbal.com\">canaldenuncias@comerbal.com<\/a><\/li>\n\n\n\n<li>Accediendo al siguiente <a href=\"https:\/\/novavenda.com\/formulario-canal-etico\/\" data-type=\"page\" data-id=\"18365\">formulario<\/a>.<\/li>\n\n\n\n<li>Mediante correo ordinario a la direcci\u00f3n postal: Pla de la Seva 19-21, c\u00f3digo postal 17458, Fornells de la Selva (Girona) (A la atenci\u00f3n exclusiva del Responsable del Sistema)<\/li>\n\n\n\n<li>Mediante solicitud de reuni\u00f3n presencial con el Responsable del Sistema<\/li>\n<\/ul>\n\n\n\n<p>Todas las comunicaciones realizadas a trav\u00e9s del Canal \u00c9tico de NOVAVENDA deber\u00e1n realizarse de buena fe y se les podr\u00e1 adjuntar la documentaci\u00f3n que se considere oportuna. NOVAVENDA se compromete a no adoptar ninguna forma de represalia, amenazas de represalia o tentativas de represalia, directa o indirecta, contra las personas que, de buena fe, hubieran comunicado a trav\u00e9s del Canal \u00c9tico alguna irregularidad.<\/p>\n\n\n\n<p>Las investigaciones se llevar\u00e1n a cabo por parte del Responsable del Sistema de NOVAVENDA de manera objetiva y diligente de conformidad con la normativa interna y la legislaci\u00f3n aplicable. En este sentido, a lo largo de todo el procedimiento de investigaci\u00f3n, se vigilar\u00e1 &nbsp;el cumplimiento de los principios de objetividad, confidencialidad de las comunicaciones, independencia, buena fe y de protecci\u00f3n de los datos personales, as\u00ed como se garantizar\u00e1 el derecho a la defensa, al honor y a la presunci\u00f3n de inocencia de las personas objeto de investigaci\u00f3n. Adem\u00e1s, el procedimiento ser\u00e1 transparente y garantizar\u00e1 el derecho de informaci\u00f3n de las personas implicadas en el mismo. La siguiente <a href=\"https:\/\/novavenda.com\/politica-canal-etico\/\" data-type=\"page\" data-id=\"18358\">Pol\u00edtica de Funcionamiento del Canal \u00c9tico de NOVAVENDA<\/a>, define y establece los principios generales de aplicaci\u00f3n, as\u00ed como recoge las cuestiones relativas al procedimiento de gesti\u00f3n, tramitaci\u00f3n y resoluci\u00f3n de las comunicaciones recibidas mediante en Canal \u00c9tico de NOVAVENDA.<\/p>\n","protected":false},"excerpt":{"rendered":"<p>NOVAVENDA proporciona un canal de comunicaci\u00f3n espec\u00edfico que sirve de instrumento para que todas aquellas personas que tengan conocimiento, en un contexto laboral o profesional, de la realizaci\u00f3n de cualquier infracci\u00f3n en NOVAVENDA, la puedan poner en conocimiento (incluso de forma an\u00f3nima) al Responsable del Sistema a trav\u00e9s de los siguientes canales de comunicaci\u00f3n del [&hellip;]<\/p>\n","protected":false},"author":1,"featured_media":0,"parent":0,"menu_order":9999,"comment_status":"closed","ping_status":"closed","template":"","meta":{"_acf_changed":false,"inline_featured_image":false,"footnotes":""},"class_list":["post-18387","page","type-page","status-publish","hentry"],"acf":[],"_links":{"self":[{"href":"https:\/\/novavenda.com\/es\/wp-json\/wp\/v2\/pages\/18387","targetHints":{"allow":["GET"]}}],"collection":[{"href":"https:\/\/novavenda.com\/es\/wp-json\/wp\/v2\/pages"}],"about":[{"href":"https:\/\/novavenda.com\/es\/wp-json\/wp\/v2\/types\/page"}],"author":[{"embeddable":true,"href":"https:\/\/novavenda.com\/es\/wp-json\/wp\/v2\/users\/1"}],"replies":[{"embeddable":true,"href":"https:\/\/novavenda.com\/es\/wp-json\/wp\/v2\/comments?post=18387"}],"version-history":[{"count":0,"href":"https:\/\/novavenda.com\/es\/wp-json\/wp\/v2\/pages\/18387\/revisions"}],"wp:attachment":[{"href":"https:\/\/novavenda.com\/es\/wp-json\/wp\/v2\/media?parent=18387"}],"curies":[{"name":"wp","href":"https:\/\/api.w.org\/{rel}","templated":true}]}}