{"id":5451,"date":"2023-02-23T11:28:07","date_gmt":"2023-02-23T11:28:07","guid":{"rendered":"https:\/\/novavenda.com\/politiques-de-privadesa\/"},"modified":"2023-03-09T17:52:36","modified_gmt":"2023-03-09T17:52:36","slug":"politicas-de-privacidad","status":"publish","type":"page","link":"https:\/\/novavenda.com\/es\/politicas-de-privacidad\/","title":{"rendered":"Pol\u00edticas de privacidad"},"content":{"rendered":"\n<p><strong>INFORMACI\u00d3N B\u00c1SICA SOBRE PROTECCI\u00d3N DE DATOS.<\/strong><\/p>\n\n\n\n<p>A continuaci\u00f3n lo informamos sobre la pol\u00edtica de protecci\u00f3n de datos de&nbsp;Comerbal, S.A.<\/p>\n\n\n\n<p><strong>Responsable:<\/strong><\/p>\n\n\n\n<p>\u00bfQui\u00e9n es el Responsable del tratamiento de sus datos?<\/p>\n\n\n\n<p>Identidad:&nbsp;Comerbal, S.A. \u2013 NIF: A17061656<br>Direcci\u00f3n postal: Pla de su 19-21, C.P.: 17458, Fornells de la Selva (Girona)<br>Tel\u00e9fono: 972 24 05 11<br>Correo Electr\u00f3nico: rgpd@comerbal.com<\/p>\n\n\n\n<p><strong>Finalidad:<\/strong><\/p>\n\n\n\n<p>\u00bfCon qu\u00e9 finalidad tratamos sus datos personales?<\/p>\n\n\n\n<p>A&nbsp;Comerbal, S.A. tratamos los datos que nos facilitan las personas interesadas con el fin de enviarle publicidad e informaci\u00f3n relacionada<br>con nuestros productos y servicios por cualquier medio (correo postal, email o tel\u00e9fono). Tambi\u00e9n los usamos para la gesti\u00f3n, administraci\u00f3n,<br>dar servicios, ampliaci\u00f3n y mejora de los servicios prestados a nuestros clientes.<\/p>\n\n\n\n<p>Comerbal, S.A. tambi\u00e9n tendr\u00e1 que guardar los datos para atender sus obligaciones legales y administrativas.<\/p>\n\n\n\n<p>Con el fin de poderle ofrecer productos y servicios de acuerdo con sus intereses y mejorar su experiencia de usuario, elaboramos un<br>\u201cperfil comercial\u201d, que se basa en la informaci\u00f3n dada. No se tomar\u00e1n decisiones autom\u00e1ticas basadas lo el mencionado perfil.<\/p>\n\n\n\n<p>\u00bfDurando cuando tiempo conservaremos los datos?<\/p>\n\n\n\n<p>Los datos personales proporcionados se conservar\u00e1n mientras dure la finalidad por la que fueron prestadas o hasta que se pida<br>su eliminaci\u00f3n por parte de la persona interesada. A no ser que exista una obligaci\u00f3n legal para conservar estos datos para<br>poder atender las responsabilidades administrativas o jurisdiccionales.<\/p>\n\n\n\n<p><strong>Legitimaci\u00f3n:<\/strong><\/p>\n\n\n\n<p>\u00bfCu\u00e1l es la legitimidad por el tratamiento de sus datos?<\/p>\n\n\n\n<p>La legitimidad depende del tipo de datos y del tratamiento que se los d\u00e9.<\/p>\n\n\n\n<p>La base legal por el tratamiento de sus datos ser\u00e1 el consentimiento manifestado de forma libre, espec\u00edfica, informada e inequ\u00edvoca,<br>cuando el tratamiento y los datos tengan el fin de enviarle publicidad e informaci\u00f3n relacionada con nuestros productos y servicios.<\/p>\n\n\n\n<p>Al dar nuestros servicios como supermercado, en los que manda la relaci\u00f3n comercial, haremos el tratamiento en base a la legitimidad que<br>nos da la ejecuci\u00f3n de un contrato.<\/p>\n\n\n\n<p>El resto de tratamientos de los datos estar\u00e1n legitimados por el cumplimiento de una obligaci\u00f3n legal o la finalidad de un inter\u00e9s leg\u00edtimo.<\/p>\n\n\n\n<p><strong>Derechos:<\/strong><\/p>\n\n\n\n<p>Cualquier persona tiene derecho a obtener la confirmaci\u00f3n de si&nbsp;Comerbal, S.A. est\u00e1 tratando o no datos personales, que los conciernan.<\/p>\n\n\n\n<p>Las personas interesadas pueden ejercer sus derechos de acceso, rectificaci\u00f3n o supresi\u00f3n y portabilidad de sus datos, as\u00ed como de limitaci\u00f3n<br>y oposici\u00f3n a su tratamiento.<\/p>\n\n\n\n<p>Los interesados tienen el derecho de retirar el consentimiento dado por el tratamiento de sus datos.<\/p>\n\n\n\n<p>Todos los anteriores derechos se ejercer\u00e1n someti\u00e9ndose en la legislaci\u00f3n vigente y al Reglamento General de Protecci\u00f3n de Datos y siempre en<br>la medida que su ejercicio no impida poder atender las responsabilidades administrativas o jur\u00eddicas de&nbsp;Comerbal, S.A.<\/p>\n\n\n\n<p>Para hacer efectivos sus derechos, el interesado tendr\u00e1 que dirigirse al responsable del tratamiento por cualquier de estos motivos:<\/p>\n\n\n\n<ul class=\"wp-block-list\">\n<li>Por email a la direcci\u00f3n: rgpd@comerbal.com ; posando al asunto el derecho al que se hace referencia.<\/li>\n\n\n\n<li>Por correo postal a la siguiente direcci\u00f3n: Pla de su 19-21, C.P. 17458, Fornells de la Selva (Gerona).<\/li>\n\n\n\n<li>Mediante llamada telef\u00f3nica : 972 24 05 11<\/li>\n<\/ul>\n\n\n\n<p>Todas las personas interesadas tendr\u00e1n derecho a presentar una reclamaci\u00f3n ante la autoridad supervisora si considera que cualquiera de sus<br>datos personales es tratada de una manera que constituya una infracci\u00f3n del Reglamento General de Protecci\u00f3n de Datos de la<br>UE n.\u00ba 2016\/679, con fecha 27 de Abril del 2016. En Espa\u00f1a esta autoridad es la Agencia Espa\u00f1ola de Protecci\u00f3n de Datos.<\/p>\n\n\n\n<p><strong>Actualizaciones y modificaciones:<\/strong><\/p>\n\n\n\n<p>e reserva el derecho de modificar y\/o actualizar la informaci\u00f3n sobre protecci\u00f3n de datos cuando sea necesario por el correcto cumplimientos<br>del reglamento de Protecci\u00f3n de Datos. Si hubiera modificaciones, se publicar\u00e1n en esta p\u00e1gina.<\/p>\n","protected":false},"excerpt":{"rendered":"<p>INFORMACI\u00d3N B\u00c1SICA SOBRE PROTECCI\u00d3N DE DATOS. A continuaci\u00f3n lo informamos sobre la pol\u00edtica de protecci\u00f3n de datos de&nbsp;Comerbal, S.A. Responsable: \u00bfQui\u00e9n es el Responsable del tratamiento de sus datos? Identidad:&nbsp;Comerbal, S.A. \u2013 NIF: A17061656Direcci\u00f3n postal: Pla de su 19-21, C.P.: 17458, Fornells de la Selva (Girona)Tel\u00e9fono: 972 24 05 11Correo Electr\u00f3nico: rgpd@comerbal.com Finalidad: \u00bfCon qu\u00e9 [&hellip;]<\/p>\n","protected":false},"author":1,"featured_media":0,"parent":0,"menu_order":9999,"comment_status":"closed","ping_status":"closed","template":"","meta":{"_acf_changed":false,"inline_featured_image":false,"footnotes":""},"class_list":["post-5451","page","type-page","status-publish","hentry"],"acf":[],"_links":{"self":[{"href":"https:\/\/novavenda.com\/es\/wp-json\/wp\/v2\/pages\/5451","targetHints":{"allow":["GET"]}}],"collection":[{"href":"https:\/\/novavenda.com\/es\/wp-json\/wp\/v2\/pages"}],"about":[{"href":"https:\/\/novavenda.com\/es\/wp-json\/wp\/v2\/types\/page"}],"author":[{"embeddable":true,"href":"https:\/\/novavenda.com\/es\/wp-json\/wp\/v2\/users\/1"}],"replies":[{"embeddable":true,"href":"https:\/\/novavenda.com\/es\/wp-json\/wp\/v2\/comments?post=5451"}],"version-history":[{"count":0,"href":"https:\/\/novavenda.com\/es\/wp-json\/wp\/v2\/pages\/5451\/revisions"}],"wp:attachment":[{"href":"https:\/\/novavenda.com\/es\/wp-json\/wp\/v2\/media?parent=5451"}],"curies":[{"name":"wp","href":"https:\/\/api.w.org\/{rel}","templated":true}]}}