{"id":5483,"date":"2023-02-23T12:03:26","date_gmt":"2023-02-23T12:03:26","guid":{"rendered":"https:\/\/novavenda.com\/llei-de-cookies\/"},"modified":"2023-03-09T17:52:58","modified_gmt":"2023-03-09T17:52:58","slug":"ley-de-cookies","status":"publish","type":"page","link":"https:\/\/novavenda.com\/es\/ley-de-cookies\/","title":{"rendered":"Ley de cookies"},"content":{"rendered":"\n<p>Este sitio web utiliza cookies. Las cookies son peque\u00f1os archivos de texto en los cuales los navegadores almacenan informaci\u00f3n durante las visitas a las p\u00e1ginas web. A las cookies se pueden recoger datos como la direcci\u00f3n IP, la direcci\u00f3n que se est\u00e1 visitando, el sistema operativo, el idioma de navegaci\u00f3n, adem\u00e1s de otra informaci\u00f3n. Esta informaci\u00f3n no queda asociada a ninguna persona concreta sino que es \u00fanicamente informaci\u00f3n estad\u00edstica para analizar la visibilidad de los varios contenidos del sitio web.<\/p>\n\n\n\n<p>A continuaci\u00f3n, os damos informaci\u00f3n sobre qu\u00e9 cookies utiliza este sitio web as\u00ed como de la forma de controlar la gesti\u00f3n de cookies y de c\u00f3mo eliminarlas completamente.<\/p>\n\n\n\n<p><strong>Cookies que utiliza este sitio web:<\/strong><\/p>\n\n\n\n<p>Este sitio web utiliza las siguientes cookies:<\/p>\n\n\n\n<ul class=\"wp-block-list\">\n<li>Cookie&nbsp;de Google&nbsp;Analytics. Google&nbsp;Analytics&nbsp;es un servicio gratuito que ofrece Google Inc. y que recoge informaci\u00f3n sobre qu\u00e9 p\u00e1ginas del sitio web se han consultado, en qu\u00e9 momento, con qu\u00e9 navegador, etc. Posteriormente, esta informaci\u00f3n se env\u00eda a los servidores de Google Inc. en los Estados Unidos.<\/li>\n\n\n\n<li>Cookies de la aplicaci\u00f3n, es un servicio gratuito que permite compartir las p\u00e1ginas de este sitio web por diferentes medios (e-mail, redes sociales, etc.).&nbsp;recopila informaci\u00f3n estad\u00edstica de vuestra navegaci\u00f3n para ofreceros en este sitio web o en otros publicidad adaptada a vuestros h\u00e1bitos de navegaci\u00f3n.<\/li>\n<\/ul>\n\n\n\n<p><strong>\u00bfC\u00f3mo se pueden administrar las cookies al navegador?<\/strong><\/p>\n\n\n\n<p>El usuario puede gestionar las cookies instaladas a su equipo mediante la configuraci\u00f3n de las opciones del navegador. A continuaci\u00f3n os muestramos como pod\u00e9is cambiar la configuraci\u00f3n de las cookies a los principales navegadores del mercado para su versi\u00f3n de PC. En caso de que utiliz\u00e1is otros navegadores o plataformas, por favor, consult\u00e1is la documentaci\u00f3n espec\u00edfica suministrada por la empresa desarrolladora del navegador. La informaci\u00f3n mostrada aqu\u00ed para la configuraci\u00f3n es para las versiones existentes en el momento de la confecci\u00f3n de esta documentaci\u00f3n. Es posible que las instrucciones difieran en futuras versiones de los navegadores. En este caso, por favor, consult\u00e1is el apartado de apoyo correspondiente de la empresa desarrolladora.<\/p>\n\n\n\n<p><strong>Para ajustar los permisos relacionados con las cookies al navegador Google&nbsp;Chrome:<\/strong><\/p>\n\n\n\n<ul class=\"wp-block-list\">\n<li>Clicar al men\u00fa situado a la B<em>arra de herramientas<\/em>.<\/li>\n\n\n\n<li>Seleccionar&nbsp;<em>Configuraci\u00f3n.<\/em><\/li>\n\n\n\n<li>Clicar a&nbsp;<em>Mostrar opciones avanzadas.<\/em><\/li>\n\n\n\n<li>A la secci\u00f3n&nbsp;<em>Privacidad<\/em>&nbsp;clicar al bot\u00f3n&nbsp;<em>Configuraci\u00f3n de contenido.<\/em><\/li>\n\n\n\n<li>A la secci\u00f3n&nbsp;Cookies&nbsp;se pueden configurar las opciones.<\/li>\n<\/ul>\n\n\n\n<p>M\u00e1s informaci\u00f3n sobre&nbsp;<a href=\"https:\/\/support.google.com\/chrome\/answer\/95647?hl=ca\" target=\"_blank\" rel=\"noopener\">Google Chrome<\/a>.<\/p>\n\n\n\n<p><strong>Para ajustar los permisos relacionados con las cookies al navegador&nbsp;Mozilla&nbsp;Firefox:<\/strong><\/p>\n\n\n\n<ul class=\"wp-block-list\">\n<li>A la parte superior de la ventana de Firefox clic\u00e1is al men\u00fa&nbsp;<em>Herramientas.<\/em><\/li>\n\n\n\n<li>Seleccionar&nbsp;<em>Opciones<\/em>.<\/li>\n\n\n\n<li>Seleccionar el panel&nbsp;<em>Privacidad<\/em>.<\/li>\n\n\n\n<li>A la opci\u00f3n Firefox podr\u00e9is escoger&nbsp;<em>Usar una configuraci\u00f3n personalizada para el historial&nbsp;<\/em>para configurar las opciones.<\/li>\n<\/ul>\n\n\n\n<p>M\u00e1s informaci\u00f3n sobre&nbsp;<a href=\"http:\/\/support.mozilla.org\/ca\/kb\/enable-and-disable-cookies-website-preferences\" target=\"_blank\" rel=\"noopener\">Mozilla Firefox<\/a>.<\/p>\n\n\n\n<p><strong>Para ajustar los permisos relacionados con las cookies al navegador Internet Explorer:<\/strong><\/p>\n\n\n\n<ul class=\"wp-block-list\">\n<li>A la parte superior de la ventana de Internet Explorer clic\u00e1is al men\u00fa&nbsp;<em>Herramientas<\/em>.<\/li>\n\n\n\n<li>Ir a la pesta\u00f1a&nbsp;<em>Seguridad<\/em>&nbsp;y utiliz\u00e1is la opci\u00f3n&nbsp;<em>Eliminar el historial de exploraci\u00f3n&nbsp;<\/em>para eliminar las cookies.<\/li>\n<\/ul>\n\n\n\n<p>M\u00e1s informaci\u00f3n sobre&nbsp;<a href=\"http:\/\/windows.microsoft.com\/es-es\/internet-explorer\/delete-manage-cookies\" target=\"_blank\" rel=\"noopener\">Internet Explorer<\/a>.<\/p>\n\n\n\n<p>Si bloque\u00e1is el uso de cookies a vuestro navegador es posible que algunos servicios o funcionalidades de la p\u00e1gina web no est\u00e9n disponibles.<\/p>\n","protected":false},"excerpt":{"rendered":"<p>Este sitio web utiliza cookies. Las cookies son peque\u00f1os archivos de texto en los cuales los navegadores almacenan informaci\u00f3n durante las visitas a las p\u00e1ginas web. A las cookies se pueden recoger datos como la direcci\u00f3n IP, la direcci\u00f3n que se est\u00e1 visitando, el sistema operativo, el idioma de navegaci\u00f3n, adem\u00e1s de otra informaci\u00f3n. Esta [&hellip;]<\/p>\n","protected":false},"author":1,"featured_media":0,"parent":0,"menu_order":99999,"comment_status":"closed","ping_status":"closed","template":"","meta":{"_acf_changed":false,"inline_featured_image":false,"footnotes":""},"class_list":["post-5483","page","type-page","status-publish","hentry"],"acf":[],"_links":{"self":[{"href":"https:\/\/novavenda.com\/es\/wp-json\/wp\/v2\/pages\/5483","targetHints":{"allow":["GET"]}}],"collection":[{"href":"https:\/\/novavenda.com\/es\/wp-json\/wp\/v2\/pages"}],"about":[{"href":"https:\/\/novavenda.com\/es\/wp-json\/wp\/v2\/types\/page"}],"author":[{"embeddable":true,"href":"https:\/\/novavenda.com\/es\/wp-json\/wp\/v2\/users\/1"}],"replies":[{"embeddable":true,"href":"https:\/\/novavenda.com\/es\/wp-json\/wp\/v2\/comments?post=5483"}],"version-history":[{"count":0,"href":"https:\/\/novavenda.com\/es\/wp-json\/wp\/v2\/pages\/5483\/revisions"}],"wp:attachment":[{"href":"https:\/\/novavenda.com\/es\/wp-json\/wp\/v2\/media?parent=5483"}],"curies":[{"name":"wp","href":"https:\/\/api.w.org\/{rel}","templated":true}]}}