{"id":5464,"date":"2023-02-23T11:28:07","date_gmt":"2023-02-23T11:28:07","guid":{"rendered":"https:\/\/novavenda.com\/politiques-de-privadesa\/"},"modified":"2023-03-09T17:45:15","modified_gmt":"2023-03-09T17:45:15","slug":"politiques-de-confidentialite","status":"publish","type":"page","link":"https:\/\/novavenda.com\/fr\/politiques-de-confidentialite\/","title":{"rendered":"Politiques de confidentialit\u00e9"},"content":{"rendered":"\n<p><strong>INFORMATIONS DE BASE SUR LA PROTECTION DES DONN\u00c9ES.<\/strong><\/p>\n\n\n\n<p>Ci-dessous, nous vous informons de la politique de protection des donn\u00e9es de Comerbal, S.A.<\/p>\n\n\n\n<p><strong>Responsable: Qui est la personne en charge du traitement de vos donn\u00e9es?<\/strong><\/p>\n\n\n\n<p>Identit\u00e9: Comerbal, S.A. \u2013 NIF: A17061656<br>Adresse postale: Pla de la Seva 19-21, C.P .: 17458, Fornells de la Selva (Girona)<br>T\u00e9l\u00e9phone: 972 24 05 11<br>Courriel: rgpd@comerbal.com<\/p>\n\n\n\n<p><strong>But:Dans quel but traitons-nous vos donn\u00e9es personnelles?<\/strong><\/p>\n\n\n\n<p>A Comerbal, S.A. Nous traitons les donn\u00e9es fournies par les parties int\u00e9ress\u00e9es afin de vous envoyer de la publicit\u00e9 et des informations connexes.<br>avec nos produits et services par quelque moyen que ce soit (courrier, courrier \u00e9lectronique ou t\u00e9l\u00e9phone). Nous les utilisons \u00e9galement pour la gestion, l\u2019administration,<br>Fournir des services, \u00e9tendre et am\u00e9liorer les services fournis \u00e0 nos clients.<\/p>\n\n\n\n<p>Comerbal, S.A. Vous devrez \u00e9galement sauvegarder vos donn\u00e9es pour respecter vos obligations l\u00e9gales et administratives.<\/p>\n\n\n\n<p>Afin de pouvoir vous proposer des produits et services en accord avec vos int\u00e9r\u00eats et am\u00e9liorer votre exp\u00e9rience utilisateur, nous d\u00e9veloppons un<br>\u00ab&nbsp;Profil commercial&nbsp;\u00bb, bas\u00e9 sur les informations fournies. Aucune d\u00e9cision automatique bas\u00e9e sur le profil susmentionn\u00e9 ne sera prise.<\/p>\n\n\n\n<p>Pendant combien de temps allons-nous conserver les donn\u00e9es?<\/p>\n\n\n\n<p>Les donn\u00e9es personnelles fournies seront conserv\u00e9es aussi longtemps que le but pour lequel elles ont \u00e9t\u00e9 fournies ou jusqu\u2019\u00e0 ce que la demande soit demand\u00e9e.<br>son \u00e9limination de la part de l\u2019int\u00e9ress\u00e9. Sauf obligation l\u00e9gale de conserver ces informations pendant<br>\u00catre capable d\u2019assumer des responsabilit\u00e9s administratives ou juridictionnelles.<\/p>\n\n\n\n<p><strong>L\u00e9gitimation:<\/strong><\/p>\n\n\n\n<p>Quelle est la l\u00e9gitimit\u00e9 du traitement de vos donn\u00e9es?<\/p>\n\n\n\n<p>La l\u00e9gitimit\u00e9 d\u00e9pend du type de donn\u00e9es et du traitement qui leur est donn\u00e9.<\/p>\n\n\n\n<p>La base l\u00e9gale pour le traitement de vos donn\u00e9es sera le consentement exprim\u00e9 de mani\u00e8re libre, sp\u00e9cifique, inform\u00e9e et sans \u00e9quivoque,<br>lorsque le traitement et les donn\u00e9es ont pour but de vous envoyer de la publicit\u00e9 et des informations relatives \u00e0 nos produits et services.<\/p>\n\n\n\n<p>En donnant nos services comme un supermarch\u00e9, dans lequel commence la relation commerciale, nous la traiterons en nous basant sur la l\u00e9gitimit\u00e9<br>cela nous donne l\u2019ex\u00e9cution d\u2019un contrat.<\/p>\n\n\n\n<p>Le reste des traitements de donn\u00e9es sera l\u00e9gitim\u00e9 par le respect d\u2019une obligation l\u00e9gale ou par la finalit\u00e9 d\u2019un int\u00e9r\u00eat l\u00e9gitime.<\/p>\n\n\n\n<p><strong>Destinataires:<\/strong><\/p>\n\n\n\n<p>Les donn\u00e9es ne seront pas c\u00e9d\u00e9es \u00e0 d\u2019autres, \u00e0 l\u2019exception des cas suivants:<\/p>\n\n\n\n<p>Si cela est jug\u00e9 n\u00e9cessaire ou appropri\u00e9, ils seront affect\u00e9s aux autorit\u00e9s correspondantes afin de respecter nos obligations l\u00e9gales.<br>et r\u00e9pondre aux demandes des autorit\u00e9s publiques et administratives.<\/p>\n\n\n\n<p>Ils peuvent \u00e9galement \u00eatre c\u00e9d\u00e9s pour prot\u00e9ger nos droits, notre vie priv\u00e9e, notre s\u00e9curit\u00e9 ou nos biens; pour nous permettre d\u2019engager des actions en justice auxquelles<br>Nous avons le droit ou le mal limit\u00e9 que nous avons pu subir.<\/p>\n\n\n\n<p><strong>Droits:<\/strong><\/p>\n\n\n\n<p>Toute personne a le droit d\u2019obtenir la confirmation de savoir si Comerbal, S.A. Qu\u2019ils traitent ou non des donn\u00e9es personnelles qui les concernent.<\/p>\n\n\n\n<p>Les parties int\u00e9ress\u00e9es peuvent exercer leurs droits d\u2019acc\u00e8s, de rectification ou de suppression et de portabilit\u00e9 de leurs donn\u00e9es, ainsi que de<br>Limitation et opposition \u00e0 son traitement.<\/p>\n\n\n\n<p>Les personnes int\u00e9ress\u00e9es ont le droit de retirer le consentement donn\u00e9 par le traitement de leurs donn\u00e9es.<\/p>\n\n\n\n<p>Tous les droits ant\u00e9rieurs sont exerc\u00e9s dans le respect de la l\u00e9gislation en vigueur et du r\u00e8glement g\u00e9n\u00e9ral sur la protection des donn\u00e9es et toujours dans le respect des lois.<br>Comme son exercice ne l\u2019emp\u00eache pas de s\u2019occuper des responsabilit\u00e9s administratives ou juridiques de Comerbal, S.A.<\/p>\n\n\n\n<p>Pour exercer ses droits, l\u2019int\u00e9ress\u00e9 doit s\u2019adresser \u00e0 la personne responsable du traitement pour l\u2019une des raisons suivantes:<\/p>\n\n\n\n<ul class=\"wp-block-list\">\n<li>Par courriel \u00e0: rgpd@comerbal.com; mettre le droit fait r\u00e9f\u00e9rence au sujet.<\/li>\n\n\n\n<li>Par courrier \u00e0 l\u2019adresse suivante: Pla de la Seva 19-21, C.P. 17458, Fornells de la Selva (G\u00e9rone).<\/li>\n\n\n\n<li>Par t\u00e9l\u00e9phone: 972 24 05 11<\/li>\n<\/ul>\n\n\n\n<p>Toutes les parties int\u00e9ress\u00e9es auront le droit de d\u00e9poser une plainte aupr\u00e8s de l\u2019autorit\u00e9 de surveillance si elles estiment que l\u2019une d\u2019entre elles<br>Vos donn\u00e9es personnelles sont trait\u00e9es de mani\u00e8re \u00e0 constituer une violation du R\u00e8glement g\u00e9n\u00e9ral sur la protection des donn\u00e9es du<br>N \u00b0 UE 2016\/679 du 27 avril 2016. En Espagne, cette autorit\u00e9 est l\u2019Agence espagnole pour la protection des donn\u00e9es.<\/p>\n\n\n\n<p><strong>Mises \u00e0 jour et modifications:<\/strong><\/p>\n\n\n\n<p>Vous vous r\u00e9servez le droit de modifier et \/ ou de mettre \u00e0 jour les informations sur la protection des donn\u00e9es lorsque cela est n\u00e9cessaire pour la bonne ex\u00e9cution.<br>du R\u00e8glement sur la protection des donn\u00e9es. S\u2019il y a eu des modifications, elles seront publi\u00e9es sur cette page.<\/p>\n","protected":false},"excerpt":{"rendered":"<p>INFORMATIONS DE BASE SUR LA PROTECTION DES DONN\u00c9ES. Ci-dessous, nous vous informons de la politique de protection des donn\u00e9es de Comerbal, S.A. Responsable: Qui est la personne en charge du traitement de vos donn\u00e9es? Identit\u00e9: Comerbal, S.A. \u2013 NIF: A17061656Adresse postale: Pla de la Seva 19-21, C.P .: 17458, Fornells de la Selva (Girona)T\u00e9l\u00e9phone: 972 [&hellip;]<\/p>\n","protected":false},"author":1,"featured_media":0,"parent":0,"menu_order":9999,"comment_status":"closed","ping_status":"closed","template":"","meta":{"_acf_changed":false,"inline_featured_image":false,"footnotes":""},"class_list":["post-5464","page","type-page","status-publish","hentry"],"acf":[],"_links":{"self":[{"href":"https:\/\/novavenda.com\/fr\/wp-json\/wp\/v2\/pages\/5464","targetHints":{"allow":["GET"]}}],"collection":[{"href":"https:\/\/novavenda.com\/fr\/wp-json\/wp\/v2\/pages"}],"about":[{"href":"https:\/\/novavenda.com\/fr\/wp-json\/wp\/v2\/types\/page"}],"author":[{"embeddable":true,"href":"https:\/\/novavenda.com\/fr\/wp-json\/wp\/v2\/users\/1"}],"replies":[{"embeddable":true,"href":"https:\/\/novavenda.com\/fr\/wp-json\/wp\/v2\/comments?post=5464"}],"version-history":[{"count":0,"href":"https:\/\/novavenda.com\/fr\/wp-json\/wp\/v2\/pages\/5464\/revisions"}],"wp:attachment":[{"href":"https:\/\/novavenda.com\/fr\/wp-json\/wp\/v2\/media?parent=5464"}],"curies":[{"name":"wp","href":"https:\/\/api.w.org\/{rel}","templated":true}]}}