{"id":5487,"date":"2023-02-23T12:03:26","date_gmt":"2023-02-23T12:03:26","guid":{"rendered":"https:\/\/novavenda.com\/llei-de-cookies\/"},"modified":"2023-03-09T17:45:39","modified_gmt":"2023-03-09T17:45:39","slug":"loi-sur-les-cookies","status":"publish","type":"page","link":"https:\/\/novavenda.com\/fr\/loi-sur-les-cookies\/","title":{"rendered":"Loi sur les cookies"},"content":{"rendered":"\n<p>Ce site utilise des cookies. Les cookies sont de petits fichiers texte dans lesquels les navigateurs stockent des informations lors de visites de pages Web. Les cookies peuvent \u00eatre des donn\u00e9es collect\u00e9es telles que l\u2019adresse IP, l\u2019adresse visit\u00e9e, le syst\u00e8me d\u2019exploitation, la langue de navigation, ainsi que d\u2019autres informations. Ces informations ne sont associ\u00e9es \u00e0 aucune personne sp\u00e9cifique mais constituent uniquement des informations statistiques permettant d\u2019analyser la visibilit\u00e9 des diff\u00e9rents contenus du site.<\/p>\n\n\n\n<p>Nous vous donnerons ensuite des informations sur les cookies utilis\u00e9s par ce site Web, sur la gestion de ces derniers et sur leur suppression compl\u00e8te.<\/p>\n\n\n\n<p><strong>Cookies utilis\u00e9s par ce site:<\/strong><\/p>\n\n\n\n<p>Ce site utilise les cookies suivants:<\/p>\n\n\n\n<ul class=\"wp-block-list\">\n<li>Cookie Google Analytics. Google Analytics est un service gratuit propos\u00e9 par Google Inc. et qui collecte des informations sur les pages du site Web consult\u00e9es, \u00e0 quelle heure, avec quel navigateur, etc. Par la suite, ces informations sont envoy\u00e9es aux serveurs de Google Inc. aux \u00c9tats-Unis.<\/li>\n\n\n\n<li>Cookies d\u2019application, est un service gratuit qui vous permet de partager les pages de ce site par diff\u00e9rents moyens (courrier \u00e9lectronique, r\u00e9seaux sociaux, etc.). Compile des informations statistiques sur votre navigation \u00e0 vous proposer sur ce site ou dans d\u2019autres publicit\u00e9s adapt\u00e9es \u00e0 vos habitudes de navigation.<\/li>\n<\/ul>\n\n\n\n<p><strong>Comment g\u00e9rer les cookies dans le navigateur?<\/strong><\/p>\n\n\n\n<p>L\u2019utilisateur peut g\u00e9rer les cookies install\u00e9s sur son ordinateur en configurant les options du navigateur. Voici comment modifier les param\u00e8tres de cookie en fonction des principaux navigateurs du march\u00e9 pour votre version de PC. Si vous utilisez d\u2019autres navigateurs ou plates-formes, veuillez consulter la documentation sp\u00e9cifique fournie par le d\u00e9veloppeur du navigateur. Les informations affich\u00e9es ici pour la configuration concernent les versions existantes au moment de la cr\u00e9ation de cette documentation. Les instructions peuvent diff\u00e9rer dans les futures versions des navigateurs. Dans ce cas, veuillez consulter la section de support correspondante du d\u00e9veloppeur.<\/p>\n\n\n\n<p><strong>Pour ajuster les autorisations associ\u00e9es aux cookies dans le navigateur Google Chrome:<\/strong><\/p>\n\n\n\n<ul class=\"wp-block-list\">\n<li>Cliquez sur le menu situ\u00e9 dans la barre d\u2019outils.<\/li>\n\n\n\n<li>S\u00e9lectionnez Param\u00e8tres.<\/li>\n\n\n\n<li>Cliquez sur Afficher les options avanc\u00e9es.<\/li>\n\n\n\n<li>Dans la section Confidentialit\u00e9, cliquez sur le bouton Param\u00e8tres de contenu.<\/li>\n\n\n\n<li>Dans la section Cookies, vous pouvez configurer les options.<\/li>\n<\/ul>\n\n\n\n<p>En savoir plus sur&nbsp;<a href=\"https:\/\/support.google.com\/chrome\/answer\/95647?hl=ca\" target=\"_blank\" rel=\"noopener\">Google Chrome<\/a>.<\/p>\n\n\n\n<p><strong>Pour ajuster les autorisations li\u00e9es aux cookies dans le navigateur Mozilla Firefox::<\/strong><\/p>\n\n\n\n<ul class=\"wp-block-list\">\n<li>En haut de la fen\u00eatre de Firefox, cliquez sur le menu Outils.<\/li>\n\n\n\n<li>S\u00e9lectionnez Options.<\/li>\n\n\n\n<li>S\u00e9lectionnez le panneau Confidentialit\u00e9.<\/li>\n\n\n\n<li>Dans l\u2019option Firefox, vous pouvez choisir Utiliser les param\u00e8tres personnalis\u00e9s de l\u2019historique pour configurer les options.<\/li>\n<\/ul>\n\n\n\n<p>Plus d\u2019informations sur&nbsp;<a href=\"http:\/\/support.mozilla.org\/ca\/kb\/enable-and-disable-cookies-website-preferences\" target=\"_blank\" rel=\"noopener\">Mozilla Firefox<\/a>.<\/p>\n\n\n\n<p><strong>Pour ajuster les autorisations li\u00e9es aux cookies dans le navigateur Internet Explorer:<\/strong><\/p>\n\n\n\n<ul class=\"wp-block-list\">\n<li>En haut de la fen\u00eatre Internet Explorer, cliquez sur le menu Outils.<\/li>\n\n\n\n<li>Acc\u00e9dez \u00e0 l\u2019onglet S\u00e9curit\u00e9 et utilisez l\u2019option Supprimer l\u2019historique de navigation pour supprimer les cookies.<\/li>\n<\/ul>\n\n\n\n<p>Plus d\u2019informations sur&nbsp;<a href=\"http:\/\/windows.microsoft.com\/es-es\/internet-explorer\/delete-manage-cookies\" target=\"_blank\" rel=\"noopener\">Internet Explorer<\/a>. Si vous bloquez l\u2019utilisation de cookies dans votre navigateur, certains services ou fonctionnalit\u00e9s de la page Web risquent de ne pas \u00eatre disponibles.<\/p>\n","protected":false},"excerpt":{"rendered":"<p>Ce site utilise des cookies. Les cookies sont de petits fichiers texte dans lesquels les navigateurs stockent des informations lors de visites de pages Web. Les cookies peuvent \u00eatre des donn\u00e9es collect\u00e9es telles que l\u2019adresse IP, l\u2019adresse visit\u00e9e, le syst\u00e8me d\u2019exploitation, la langue de navigation, ainsi que d\u2019autres informations. Ces informations ne sont associ\u00e9es \u00e0 [&hellip;]<\/p>\n","protected":false},"author":1,"featured_media":0,"parent":0,"menu_order":99999,"comment_status":"closed","ping_status":"closed","template":"","meta":{"_acf_changed":false,"inline_featured_image":false,"footnotes":""},"class_list":["post-5487","page","type-page","status-publish","hentry"],"acf":[],"_links":{"self":[{"href":"https:\/\/novavenda.com\/fr\/wp-json\/wp\/v2\/pages\/5487","targetHints":{"allow":["GET"]}}],"collection":[{"href":"https:\/\/novavenda.com\/fr\/wp-json\/wp\/v2\/pages"}],"about":[{"href":"https:\/\/novavenda.com\/fr\/wp-json\/wp\/v2\/types\/page"}],"author":[{"embeddable":true,"href":"https:\/\/novavenda.com\/fr\/wp-json\/wp\/v2\/users\/1"}],"replies":[{"embeddable":true,"href":"https:\/\/novavenda.com\/fr\/wp-json\/wp\/v2\/comments?post=5487"}],"version-history":[{"count":0,"href":"https:\/\/novavenda.com\/fr\/wp-json\/wp\/v2\/pages\/5487\/revisions"}],"wp:attachment":[{"href":"https:\/\/novavenda.com\/fr\/wp-json\/wp\/v2\/media?parent=5487"}],"curies":[{"name":"wp","href":"https:\/\/api.w.org\/{rel}","templated":true}]}}